{"id":21,"date":"2013-05-08T07:17:48","date_gmt":"2013-05-08T07:17:48","guid":{"rendered":"http:\/\/joostipuhkemaja.ee\/?page_id=21"},"modified":"2025-06-25T12:56:30","modified_gmt":"2025-06-25T09:56:30","slug":"kontakt","status":"publish","type":"page","link":"https:\/\/joostipuhkemaja.ee\/en\/contact\/","title":{"rendered":"CONTACT"},"content":{"rendered":"<h1>Joosti Holiday House location<\/h1>\n<p>To get to the Joosti Holiday House, drive 12 kilometres from Otep\u00e4\u00e4 toward Sangaste along the Valga Hwy. When you see the sign saying Vidrike 6 turn left. After 200 metres turn on the road on the right and drive approximately 2 kilometres. When the road splits, keep left and drive through T\u00f5utsi Village. After the green Kapperm\u00e4e Visitors Centre, the road goes downhill. Turn right at the bottom of the hill, drive on a bit and you have arrived.<\/p>\n<p><iframe src=\"https:\/\/www.google.com\/maps\/embed?pb=!1m14!1m8!1m3!1d1531547.9635198324!2d25.99426327545146!3d57.98492464838705!3m2!1i1024!2i768!4f13.1!3m3!1m2!1s0x0%3A0xa67ad856a857d01a!2sJoosti%20Puhkemaja%20O%C3%9C!5e0!3m2!1set!2see!4v1612339189732!5m2!1set!2see\" width=\"380\" height=\"220\" frameborder=\"0\" marginwidth=\"0\" marginheight=\"0\" scrolling=\"no\"><\/iframe><\/p>\n<p>Coordinates. Latitude:N57\u00b057`0.618. Longitude:E26\u00b028`23.106<\/p>\n<p>&nbsp;<\/p>\n<p>If you have any questions, feel free to contact us!<\/p>\n<h5>Iti-Riin Jaagant<\/h5>\n<p><a href=\"tel:+3725269153\">+372 526 9153<\/a><\/p>\n<p><a href=\"mailto:itiriin.jaagant@gmail.com\">itiriin.jaagant@gmail.com<\/a><\/p>\n<h5><\/h5>\n<h5>Make you booking <a href=\"https:\/\/joostipuhkemaja.ee\/en\/booking\/\">here<\/a>.<\/h5>\n<p>&nbsp;<\/p>\n<h3>Joosti Puhkemaja O\u00dc<\/h3>\n<p>Registry code: 11314598<\/p>\n<p><a href=\"mailto:info@joostipuhkemaja.ee\">info@joostipuhkemaja.ee<\/a><\/p>\n<p><a href=\"tel:+372 526 9153\">+372 526 9153<\/a><\/p>\n<p>Joosti Farm, T\u00f5utsi Village, Otep\u00e4\u00e4 Rural Municipality, Valga County, 67303, Estonia<\/p>\n","protected":false},"excerpt":{"rendered":"<p>Joosti Holiday House location To get to the Joosti Holiday House, drive 12 kilometres from Otep\u00e4\u00e4 toward Sangaste along the Valga Hwy. When you see the sign saying Vidrike 6 turn left. After 200 metres turn on the road on<span class=\"ellipsis\">&hellip;<\/span><\/p>\n<div class=\"read-more\"><a href=\"https:\/\/joostipuhkemaja.ee\/en\/contact\/\">Read more &#8250;<\/a><\/div>\n<p><!-- end of .read-more --><\/p>\n","protected":false},"author":5,"featured_media":0,"parent":0,"menu_order":6,"comment_status":"closed","ping_status":"closed","template":"full-width-page.php","meta":[],"_links":{"self":[{"href":"https:\/\/joostipuhkemaja.ee\/en\/wp-json\/wp\/v2\/pages\/21"}],"collection":[{"href":"https:\/\/joostipuhkemaja.ee\/en\/wp-json\/wp\/v2\/pages"}],"about":[{"href":"https:\/\/joostipuhkemaja.ee\/en\/wp-json\/wp\/v2\/types\/page"}],"author":[{"embeddable":true,"href":"https:\/\/joostipuhkemaja.ee\/en\/wp-json\/wp\/v2\/users\/5"}],"replies":[{"embeddable":true,"href":"https:\/\/joostipuhkemaja.ee\/en\/wp-json\/wp\/v2\/comments?post=21"}],"version-history":[{"count":127,"href":"https:\/\/joostipuhkemaja.ee\/en\/wp-json\/wp\/v2\/pages\/21\/revisions"}],"predecessor-version":[{"id":1034,"href":"https:\/\/joostipuhkemaja.ee\/en\/wp-json\/wp\/v2\/pages\/21\/revisions\/1034"}],"wp:attachment":[{"href":"https:\/\/joostipuhkemaja.ee\/en\/wp-json\/wp\/v2\/media?parent=21"}],"curies":[{"name":"wp","href":"https:\/\/api.w.org\/{rel}","templated":true}]}}